{"id":1707,"date":"2026-04-09T20:49:00","date_gmt":"2026-04-09T20:49:00","guid":{"rendered":"https:\/\/iptv.co.no\/?page_id=1707"},"modified":"2026-04-09T21:13:27","modified_gmt":"2026-04-09T21:13:27","slug":"veiledning","status":"publish","type":"page","link":"https:\/\/iptv.co.no\/tv\/veiledning\/","title":{"rendered":"Veiledning"},"content":{"rendered":"\t\t<div data-elementor-type=\"wp-page\" data-elementor-id=\"1707\" class=\"elementor elementor-1707\" data-elementor-post-type=\"page\">\n\t\t\t\t<div class=\"elementor-element elementor-element-9833fee e-flex e-con-boxed e-con e-child\" data-id=\"9833fee\" data-element_type=\"container\" data-e-type=\"container\" data-settings=\"{&quot;background_background&quot;:&quot;classic&quot;}\">\n\t\t\t\t\t<div class=\"e-con-inner\">\n\t\t<div class=\"elementor-element elementor-element-da0ac3f e-con-full e-flex e-con e-child\" data-id=\"da0ac3f\" data-element_type=\"container\" data-e-type=\"container\">\n\t\t\t\t<div class=\"elementor-element elementor-element-53ef503 elementor-widget elementor-widget-heading\" data-id=\"53ef503\" data-element_type=\"widget\" data-e-type=\"widget\" data-widget_type=\"heading.default\">\n\t\t\t\t<div class=\"elementor-widget-container\">\n\t\t\t\t\t<h2 class=\"elementor-heading-title elementor-size-default\">IPTV Norge Installasjonsveiledning \u2013 Smart-TV, Firestick, mobil og mer\n<\/h2>\t\t\t\t<\/div>\n\t\t\t\t<\/div>\n\t\t\t\t<div class=\"elementor-element elementor-element-5d13d03 elementor-widget elementor-widget-text-editor\" data-id=\"5d13d03\" data-element_type=\"widget\" data-e-type=\"widget\" data-widget_type=\"text-editor.default\">\n\t\t\t\t<div class=\"elementor-widget-container\">\n\t\t\t\t\t\t\t\t\t<p>\u00c5 sette opp\u00a0<strong>IPTV Norway<\/strong>\u00a0er raskt og enkelt. F\u00f8lg v\u00e5r trinnvise veiledning for \u00e5 begynne \u00e5 nyte direktesendt sport, premiumkanaler, filmer og serier p\u00e5 alle enhetene dine. Enten du bruker en Smart-TV, Firestick, smarttelefon, nettbrett, b\u00e6rbar PC eller str\u00f8mmeenhet, har vi det du trenger.<\/p>\t\t\t\t\t\t\t\t<\/div>\n\t\t\t\t<\/div>\n\t\t\t\t<\/div>\n\t\t\t\t\t<\/div>\n\t\t\t\t<\/div>\n\t\t<div class=\"elementor-element elementor-element-800db1a e-flex e-con-boxed e-con e-parent\" data-id=\"800db1a\" data-element_type=\"container\" data-e-type=\"container\" data-settings=\"{&quot;background_background&quot;:&quot;classic&quot;}\">\n\t\t\t\t\t<div class=\"e-con-inner\">\n\t\t\t\t<div class=\"elementor-element elementor-element-40819fb elementor-widget elementor-widget-text-editor\" data-id=\"40819fb\" data-element_type=\"widget\" data-e-type=\"widget\" data-widget_type=\"text-editor.default\">\n\t\t\t\t<div class=\"elementor-widget-container\">\n\t\t\t\t\t\t\t\t\t<div class=\"howto-heading\"><p>Hvis du ikke finner enheten din, ikke bekymre deg. Vi st\u00f8tter alle enheter og apper. Vi er her for \u00e5 hjelpe deg. Ta bare kontakt med oss.<\/p><\/div><div class=\"howto-content\"><div class=\"howto-card\">\u00a0<\/div><\/div>\t\t\t\t\t\t\t\t<\/div>\n\t\t\t\t<\/div>\n\t\t\t\t\t<\/div>\n\t\t\t\t<\/div>\n\t\t<div class=\"elementor-element elementor-element-b0e9143 e-flex e-con-boxed e-con e-parent\" data-id=\"b0e9143\" data-element_type=\"container\" data-e-type=\"container\" data-settings=\"{&quot;background_background&quot;:&quot;classic&quot;}\">\n\t\t\t\t\t<div class=\"e-con-inner\">\n\t\t\t\t<div class=\"elementor-element elementor-element-7a6882b animated-slow elementor-widget__width-initial elementor-invisible elementor-widget elementor-widget-eael-adv-accordion\" data-id=\"7a6882b\" data-element_type=\"widget\" data-e-type=\"widget\" data-settings=\"{&quot;_animation&quot;:&quot;fadeIn&quot;,&quot;_animation_delay&quot;:300}\" data-widget_type=\"eael-adv-accordion.default\">\n\t\t\t\t<div class=\"elementor-widget-container\">\n\t\t\t\t\t            <div class=\"eael-adv-accordion\" id=\"eael-adv-accordion-7a6882b\" data-scroll-on-click=\"no\" data-scroll-speed=\"300\" data-accordion-id=\"7a6882b\" data-accordion-type=\"accordion\" data-toogle-speed=\"300\">\n            <div class=\"eael-accordion-list\">\n\t\t\t\t\t<div id=\"smart-tv-samsung-lg-\" class=\"elementor-tab-title eael-accordion-header\" tabindex=\"0\" data-tab=\"1\" aria-controls=\"elementor-tab-content-1281\"><span class=\"eael-accordion-tab-title\">Smart-TV (Samsung, LG ... )<\/span><i aria-hidden=\"true\" class=\"fa-toggle fas fa-angle-right\"><\/i><\/div><div id=\"elementor-tab-content-1281\" class=\"eael-accordion-content clearfix\" data-tab=\"1\" aria-labelledby=\"smart-tv-samsung-lg-\"><p class=\"ds-markdown-paragraph\">Du kan laste ned SetIPTV, NetIPTV eller Smart IPTV fra TV-butikken p\u00e5 Samsung, LG \u2026<\/p><p class=\"ds-markdown-paragraph\"><strong>Oppsett p\u00e5 Samsung:<\/strong><br \/>Samsung har nylig lagt til IPTV Smarters i appbutikken sin, s\u00e5 du trenger ikke lenger \u00e5 sidelaste appen eller bruke en PC. F\u00f8lg disse trinnene for \u00e5 installere IPTV Smarters p\u00e5 Samsung-TV-en din for \u00e5 bruke\u00a0<strong>IPTV Norge<\/strong>:<\/p><p class=\"ds-markdown-paragraph\"><strong>Trinn 1:<\/strong>\u00a0Trykk p\u00e5 Smart Hub-knappen p\u00e5 fjernkontrollen.<br \/><strong>Trinn 2:<\/strong>\u00a0S\u00f8k etter IPTV Smarters Pro og installer.<br \/><strong>Trinn 3:<\/strong>\u00a0Logg inn i applikasjonen med abonnementsdetaljene dine.<\/p><\/div>\n\t\t\t\t\t<\/div><div class=\"eael-accordion-list\">\n\t\t\t\t\t<div id=\"pcmac-vlc-program\" class=\"elementor-tab-title eael-accordion-header\" tabindex=\"0\" data-tab=\"2\" aria-controls=\"elementor-tab-content-1282\"><span class=\"eael-accordion-tab-title\">PC\/MAC VLC Program<\/span><i aria-hidden=\"true\" class=\"fa-toggle fas fa-angle-right\"><\/i><\/div><div id=\"elementor-tab-content-1282\" class=\"eael-accordion-content clearfix\" data-tab=\"2\" aria-labelledby=\"pcmac-vlc-program\"><p><strong>Trinn 1:<\/strong>\u00a0Last ned VLC fra\u00a0<a href=\"https:\/\/videolan.org\/vlc\" target=\"_blank\" rel=\"noopener noreferrer\">videolan.org\/vlc<\/a><br \/><strong>Trinn 2:<\/strong>\u00a0\u00c5pne VLC-spilleren<br \/><strong>Trinn 3:<\/strong>\u00a0G\u00e5 til Media \u2192 \u00c5pne nettverksstr\u00f8m<br \/><strong>Trinn 4:<\/strong>\u00a0Skriv inn URL-en du mottok fra oss (m3u-lenken) og klikk &laquo;Spill av&raquo;<br \/><strong>Trinn 5:<\/strong>\u00a0Str\u00f8mmingen starter, og du kan n\u00e5 se\u00a0<strong>IPTV Norge<\/strong>\u00a0via VLC.<\/p><\/div>\n\t\t\t\t\t<\/div><div class=\"eael-accordion-list\">\n\t\t\t\t\t<div id=\"apple-apple-tv-iphone-ipad\" class=\"elementor-tab-title eael-accordion-header\" tabindex=\"0\" data-tab=\"3\" aria-controls=\"elementor-tab-content-1283\"><span class=\"eael-accordion-tab-title\">Apple (Apple TV \/ iPhone \/ iPad)<\/span><i aria-hidden=\"true\" class=\"fa-toggle fas fa-angle-right\"><\/i><\/div><div id=\"elementor-tab-content-1283\" class=\"eael-accordion-content clearfix\" data-tab=\"3\" aria-labelledby=\"apple-apple-tv-iphone-ipad\"><p><strong>Trinn 1:<\/strong>\u00a0Last ned IPTV Smarters-appen fra App Store via denne URL-en.<br \/><strong>Trinn 2:<\/strong>\u00a0Etter installasjon, \u00e5pne applikasjonen og klikk p\u00e5 &laquo;Logg inn med Xtreme Codes API&raquo;.<br \/><strong>Trinn 3:<\/strong>\u00a0Skriv inn detaljene nedenfor og klikk &laquo;Legg til bruker&raquo;.<br \/>Navn: Skriv inn et valgfritt navn<br \/>Brukernavn: ********<br \/>Passord: ********<\/p><\/div>\n\t\t\t\t\t<\/div><div class=\"eael-accordion-list\">\n\t\t\t\t\t<div id=\"android-tv-boks-telefon\" class=\"elementor-tab-title eael-accordion-header\" tabindex=\"0\" data-tab=\"4\" aria-controls=\"elementor-tab-content-1284\"><span class=\"eael-accordion-tab-title\">Android (TV, boks, telefon)<\/span><i aria-hidden=\"true\" class=\"fa-toggle fas fa-angle-right\"><\/i><\/div><div id=\"elementor-tab-content-1284\" class=\"eael-accordion-content clearfix\" data-tab=\"4\" aria-labelledby=\"android-tv-boks-telefon\"><p><strong>Trinn 1:<\/strong>\u00a0Last ned IPTV Smarters-appen fra denne URL-en:\u00a0<a href=\"https:\/\/www.iptvsmarters.com\/smarters.apk\" target=\"_blank\" rel=\"noopener noreferrer\">https:\/\/www.iptvsmarters.com\/smarters.apk<\/a><br \/><strong>Trinn 2:<\/strong>\u00a0\u00c5pne appen n\u00e5r den er lastet ned og angi p\u00e5loggingsdetaljene.<br \/><strong>Trinn 3:<\/strong>\u00a0Begynn \u00e5 se\u00a0<strong>IPTV Norge<\/strong>-kanaler p\u00e5 Android-enheten din.<\/p><\/div>\n\t\t\t\t\t<\/div><div class=\"eael-accordion-list\">\n\t\t\t\t\t<div id=\"mag-enheter\" class=\"elementor-tab-title eael-accordion-header\" tabindex=\"0\" data-tab=\"5\" aria-controls=\"elementor-tab-content-1285\"><span class=\"eael-accordion-tab-title\">MAG-enheter<\/span><i aria-hidden=\"true\" class=\"fa-toggle fas fa-angle-right\"><\/i><\/div><div id=\"elementor-tab-content-1285\" class=\"eael-accordion-content clearfix\" data-tab=\"5\" aria-labelledby=\"mag-enheter\"><p class=\"ds-markdown-paragraph\">koble MAG-enheten til TV-en og internettet. F\u00f8lg deretter disse trinnene:<\/p><ol><li><p class=\"ds-markdown-paragraph\">G\u00e5 til: Innstillinger \u2192 Systeminnstillinger \u2192 Tjenere \u2192 Portaler<\/p><\/li><li><p class=\"ds-markdown-paragraph\">Sett Portal 1: IPTV-URL-en du mottok fra oss<\/p><\/li><li><p class=\"ds-markdown-paragraph\">Lagre innstillingene og start enheten p\u00e5 nytt.<\/p><\/li><\/ol><p class=\"ds-markdown-paragraph\">N\u00e5 skal kanalene lastes, og du kan begynne \u00e5 se\u00a0<strong>IPTV Norge<\/strong>.<\/p><\/div>\n\t\t\t\t\t<\/div><div class=\"eael-accordion-list\">\n\t\t\t\t\t<div id=\"stb-emulator\" class=\"elementor-tab-title eael-accordion-header\" tabindex=\"0\" data-tab=\"6\" aria-controls=\"elementor-tab-content-1286\"><span class=\"eael-accordion-tab-title\">STB Emulator<\/span><i aria-hidden=\"true\" class=\"fa-toggle fas fa-angle-right\"><\/i><\/div><div id=\"elementor-tab-content-1286\" class=\"eael-accordion-content clearfix\" data-tab=\"6\" aria-labelledby=\"stb-emulator\"><p class=\"ds-markdown-paragraph\"><strong>STB-emulator oppsett:<\/strong><\/p><ol><li><p class=\"ds-markdown-paragraph\">Last ned &#8216;STB Emulator&#8217; fra Google Play Store.<\/p><\/li><li><p class=\"ds-markdown-paragraph\">Installer og \u00e5pne &#8216;STB Emulator&#8217;-appen.<\/p><\/li><li><p class=\"ds-markdown-paragraph\">Velg &laquo;Legg til profil&raquo; og opprett en ny profil.<\/p><\/li><li><p class=\"ds-markdown-paragraph\">G\u00e5 til Profilinnstillinger \u2192 Portalinnstillinger og skriv inn IPTV-URL-en du mottok fra oss.<\/p><\/li><li><p class=\"ds-markdown-paragraph\">Lagre og start appen p\u00e5 nytt for \u00e5 begynne \u00e5 se\u00a0<strong>IPTV Norge<\/strong>.<\/p><\/li><\/ol><\/div>\n\t\t\t\t\t<\/div><div class=\"eael-accordion-list\">\n\t\t\t\t\t<div id=\"amazon-firestick\" class=\"elementor-tab-title eael-accordion-header\" tabindex=\"0\" data-tab=\"7\" aria-controls=\"elementor-tab-content-1287\"><span class=\"eael-accordion-tab-title\">Amazon Firestick<\/span><i aria-hidden=\"true\" class=\"fa-toggle fas fa-angle-right\"><\/i><\/div><div id=\"elementor-tab-content-1287\" class=\"eael-accordion-content clearfix\" data-tab=\"7\" aria-labelledby=\"amazon-firestick\"><p>\u2022 G\u00e5 til startskjermen p\u00e5 enheten din og hold over &laquo;Finn&raquo;-alternativet.<br \/>\u2022 Klikk p\u00e5 S\u00f8k.<br \/>\u2022 S\u00f8k etter og velg &laquo;Downloader&raquo;-appen.<br \/>\u2022 Velg &laquo;Last ned&raquo; for \u00e5 installere appen.<br \/>\u2022 \u00c5pne Downloader-appen, skriv inn URL-en du mottok fra oss, og last ned IPTV-filen.<br \/>\u2022 Installer og start IPTV-applikasjonen, og logg inn med detaljene dine for \u00e5 se\u00a0<strong>IPTV Norge<\/strong>.<\/p><\/div>\n\t\t\t\t\t<\/div><\/div>\t\t\t\t<\/div>\n\t\t\t\t<\/div>\n\t\t\t\t\t<\/div>\n\t\t\t\t<\/div>\n\t\t\t\t<\/div>\n\t\t","protected":false},"excerpt":{"rendered":"<p>IPTV Norge Installasjonsveiledning \u2013 Smart-TV, Firestick, mobil og mer \u00c5 sette opp\u00a0IPTV Norway\u00a0er raskt og enkelt. F\u00f8lg v\u00e5r trinnvise veiledning for \u00e5 begynne \u00e5 nyte direktesendt sport, premiumkanaler, filmer og serier p\u00e5 alle enhetene dine. Enten du bruker en Smart-TV, Firestick, smarttelefon, nettbrett, b\u00e6rbar PC eller str\u00f8mmeenhet, har vi det du trenger. Hvis du ikke [&hellip;]<\/p>\n","protected":false},"author":1,"featured_media":0,"parent":0,"menu_order":0,"comment_status":"closed","ping_status":"closed","template":"","meta":{"_joinchat":[],"footnotes":""},"class_list":["post-1707","page","type-page","status-publish","hentry"],"blocksy_meta":{"page_title_panel":"","has_hero_section":"disabled","1d03c0975884bb3313cce6dd2f1b30f2":"","hero_section":"type-1","hero_elements":[{"id":"custom_title","enabled":true,"heading_tag":"h1","title":"Home"},{"id":"custom_description","enabled":true,"description_visibility":{"desktop":true,"tablet":true,"mobile":false}},{"id":"custom_meta","enabled":false,"meta_elements":[{"id":"author","enabled":true,"label":"By","has_author_avatar":"yes","avatar_size":25},{"id":"post_date","enabled":true,"label":"On","date_format_source":"default","date_format":"M j, Y"},{"id":"updated_date","enabled":false,"label":"On","date_format_source":"default","date_format":"M j, Y"},{"id":"categories","enabled":false,"label":"In","style":"simple"},{"id":"comments","enabled":true}],"page_meta_elements":{"joined":true,"articles_count":true,"comments":true}},{"id":"breadcrumbs","enabled":false}],"297f415109f6d68645364fc3ee8b300d":"","hero_alignment1":"CT_CSS_SKIP_RULE","hero_margin":40,"hero_alignment2":"center","hero_vertical_alignment":"center","fd7b944a1016f6997ff05cca28a86507":"","hero_structure":"narrow","725835a220a806d2dede541683191d01":"","page_title_bg_type":"featured_image","custom_hero_background":{"attachment_id":null},"page_title_image_size":"full","parallax":{"desktop":false,"tablet":false,"mobile":false},"b75289ee406e0a1a57fb3394b341d4b2":"","hero_height":"250px","pageTitleFont":{"family":"Default","variation":"Default","size":"30px","line-height":"CT_CSS_SKIP_RULE","letter-spacing":"CT_CSS_SKIP_RULE","text-transform":"CT_CSS_SKIP_RULE","text-decoration":"CT_CSS_SKIP_RULE"},"pageTitleFontColor":{"default":{"color":"CT_CSS_SKIP_RULEDEFAULT"}},"pageMetaFont":{"family":"Default","variation":"n6","size":"12px","line-height":"1.3","letter-spacing":"CT_CSS_SKIP_RULE","text-transform":"uppercase","text-decoration":"CT_CSS_SKIP_RULE"},"pageMetaFontColor":{"default":{"color":"CT_CSS_SKIP_RULEDEFAULT"},"hover":{"color":"CT_CSS_SKIP_RULEDEFAULT"}},"page_meta_button_type_font_colors":{"default":{"color":"CT_CSS_SKIP_RULEDEFAULT"},"hover":{"color":"CT_CSS_SKIP_RULEDEFAULT"}},"page_meta_button_type_background_colors":{"default":{"color":"CT_CSS_SKIP_RULEDEFAULT"},"hover":{"color":"CT_CSS_SKIP_RULEDEFAULT"}},"pageExcerptFont":{"family":"Default","variation":"Default","size":"CT_CSS_SKIP_RULE","line-height":"CT_CSS_SKIP_RULE","letter-spacing":"CT_CSS_SKIP_RULE","text-transform":"CT_CSS_SKIP_RULE","text-decoration":"CT_CSS_SKIP_RULE"},"pageExcerptColor":{"default":{"color":"CT_CSS_SKIP_RULEDEFAULT"}},"breadcrumbsFont":{"family":"Default","variation":"Default","size":"CT_CSS_SKIP_RULE","line-height":"CT_CSS_SKIP_RULE","letter-spacing":"CT_CSS_SKIP_RULE","text-transform":"CT_CSS_SKIP_RULE","text-decoration":"CT_CSS_SKIP_RULE"},"breadcrumbsFontColor":{"default":{"color":"CT_CSS_SKIP_RULEDEFAULT"},"initial":{"color":"CT_CSS_SKIP_RULEDEFAULT"},"hover":{"color":"CT_CSS_SKIP_RULEDEFAULT"}},"pageTitleOverlay":{"background_type":"color","background_pattern":"type-1","background_image":{"attachment_id":null,"x":0,"y":0},"gradient":"linear-gradient(135deg,rgba(6,147,227,1) 0%,rgb(155,81,224) 100%)","background_repeat":"repeat","background_size":"auto","background_attachment":"scroll","patternColor":{"default":{"color":"#e5e7ea"}},"overlayColor":{"default":{"color":"CT_CSS_SKIP_RULE"}},"backgroundColor":{"default":{"color":"CT_CSS_SKIP_RULE"}}},"pageTitleBackground":{"background_type":"color","background_pattern":"type-1","background_image":{"attachment_id":null,"x":0,"y":0},"gradient":"linear-gradient(135deg,rgba(6,147,227,1) 0%,rgb(155,81,224) 100%)","background_repeat":"repeat","background_size":"auto","background_attachment":"scroll","patternColor":{"default":{"color":"#e5e7ea"}},"overlayColor":{"default":{"color":"CT_CSS_SKIP_RULE"}},"backgroundColor":{"default":{"color":"var(--theme-palette-color-6)"}}},"pageTitlePadding":{"top":"50px","bottom":"50px","left":"auto","right":"auto","linked":true},"52e632a4882fbb110ac4f3f941ac88e6":"","page_structure_type":"default","3e83552c4a6b912d9fa29eff61d1cc2c":"","content_style_source":"inherit","content_style":"wide","vertical_spacing_source":"custom","content_area_spacing":"none","background":{"background_type":"color","background_pattern":"type-1","background_image":{"attachment_id":null,"x":0,"y":0},"gradient":"linear-gradient(135deg,rgba(6,147,227,1) 0%,rgb(155,81,224) 100%)","background_repeat":"repeat","background_size":"auto","background_attachment":"scroll","patternColor":{"default":{"color":"#e5e7ea"}},"overlayColor":{"default":{"color":"CT_CSS_SKIP_RULE"}},"backgroundColor":{"default":{"color":"CT_CSS_SKIP_RULE"}}},"content_background":{"background_type":"color","background_pattern":"type-1","background_image":{"attachment_id":null,"x":0,"y":0},"gradient":"linear-gradient(135deg,rgba(6,147,227,1) 0%,rgb(155,81,224) 100%)","background_repeat":"repeat","background_size":"auto","background_attachment":"scroll","patternColor":{"default":{"color":"#e5e7ea"}},"overlayColor":{"default":{"color":"CT_CSS_SKIP_RULE"}},"backgroundColor":{"default":{"color":"var(--theme-palette-color-8)"}}},"content_boxed_shadow":{"inherit":false,"blur":18,"spread":-6,"v_offset":12,"h_offset":0,"inset":false,"enable":true,"color":{"color":"rgba(34, 56, 101, 0.04)"}},"content_boxed_border":{"width":1,"style":"none","color":{"color":"rgba(44,62,80,0.2)"}},"content_boxed_radius":{"top":"3px","bottom":"3px","left":"3px","right":"3px","linked":true},"boxed_content_spacing":{"desktop":{"top":"40px","bottom":"40px","left":"40px","right":"40px","linked":true},"tablet":{"top":"35px","bottom":"35px","left":"35px","right":"35px","linked":true},"mobile":{"top":"20px","bottom":"20px","left":"20px","right":"20px","linked":true}},"62eb854e9eef5c3ecdd8032d26f48ece":"","disable_featured_image":"no","disable_share_box":"no","disable_header":"no","disable_footer":"no","styles_descriptor":{"styles":{"desktop":"","tablet":"","mobile":""},"google_fonts":[],"version":6}},"_links":{"self":[{"href":"https:\/\/iptv.co.no\/tv\/wp-json\/wp\/v2\/pages\/1707","targetHints":{"allow":["GET"]}}],"collection":[{"href":"https:\/\/iptv.co.no\/tv\/wp-json\/wp\/v2\/pages"}],"about":[{"href":"https:\/\/iptv.co.no\/tv\/wp-json\/wp\/v2\/types\/page"}],"author":[{"embeddable":true,"href":"https:\/\/iptv.co.no\/tv\/wp-json\/wp\/v2\/users\/1"}],"replies":[{"embeddable":true,"href":"https:\/\/iptv.co.no\/tv\/wp-json\/wp\/v2\/comments?post=1707"}],"version-history":[{"count":11,"href":"https:\/\/iptv.co.no\/tv\/wp-json\/wp\/v2\/pages\/1707\/revisions"}],"predecessor-version":[{"id":1753,"href":"https:\/\/iptv.co.no\/tv\/wp-json\/wp\/v2\/pages\/1707\/revisions\/1753"}],"wp:attachment":[{"href":"https:\/\/iptv.co.no\/tv\/wp-json\/wp\/v2\/media?parent=1707"}],"curies":[{"name":"wp","href":"https:\/\/api.w.org\/{rel}","templated":true}]}}