{"id":1770,"date":"2026-04-10T14:24:43","date_gmt":"2026-04-10T14:24:43","guid":{"rendered":"https:\/\/iptv.co.no\/?post_type=product&#038;p=1770"},"modified":"2026-04-15T23:50:33","modified_gmt":"2026-04-15T23:50:33","slug":"iptv-co-no-1-maned","status":"publish","type":"product","link":"https:\/\/iptv.co.no\/tv\/product\/iptv-co-no-1-maned\/","title":{"rendered":"IPTV.co.no &#8211; 1 M\u00e5ned"},"content":{"rendered":"<p>F\u00e5 IPTV.co.no i 1 m\u00e5ned med fleksible enhetsvalg. Nyt live-TV, sport, filmer og serier i ett abonnement. Fungerer p\u00e5 Smart TV, Firestick, Android, iPhone, nettbrett og mer. Umiddelbar aktivering etter betaling og kundest\u00f8tte tilgjengelig ved behov.<\/p>\n","protected":false},"excerpt":{"rendered":"<p>Premium IPTV med live-TV, sport, filmer og serier. Umiddelbar aktivering, st\u00f8tte for flere enheter og rask kundehjelp.<\/p>\n","protected":false},"featured_media":1796,"comment_status":"closed","ping_status":"closed","template":"","meta":{"_joinchat":[]},"product_brand":[],"product_cat":[31],"product_tag":[],"class_list":{"0":"post-1770","1":"product","2":"type-product","3":"status-publish","4":"has-post-thumbnail","6":"product_cat-subscriptions","8":"first","9":"instock","10":"shipping-taxable","11":"purchasable","12":"product-type-variable"},"_links":{"self":[{"href":"https:\/\/iptv.co.no\/tv\/wp-json\/wp\/v2\/product\/1770","targetHints":{"allow":["GET"]}}],"collection":[{"href":"https:\/\/iptv.co.no\/tv\/wp-json\/wp\/v2\/product"}],"about":[{"href":"https:\/\/iptv.co.no\/tv\/wp-json\/wp\/v2\/types\/product"}],"replies":[{"embeddable":true,"href":"https:\/\/iptv.co.no\/tv\/wp-json\/wp\/v2\/comments?post=1770"}],"wp:featuredmedia":[{"embeddable":true,"href":"https:\/\/iptv.co.no\/tv\/wp-json\/wp\/v2\/media\/1796"}],"wp:attachment":[{"href":"https:\/\/iptv.co.no\/tv\/wp-json\/wp\/v2\/media?parent=1770"}],"wp:term":[{"taxonomy":"product_brand","embeddable":true,"href":"https:\/\/iptv.co.no\/tv\/wp-json\/wp\/v2\/product_brand?post=1770"},{"taxonomy":"product_cat","embeddable":true,"href":"https:\/\/iptv.co.no\/tv\/wp-json\/wp\/v2\/product_cat?post=1770"},{"taxonomy":"product_tag","embeddable":true,"href":"https:\/\/iptv.co.no\/tv\/wp-json\/wp\/v2\/product_tag?post=1770"}],"curies":[{"name":"wp","href":"https:\/\/api.w.org\/{rel}","templated":true}]}}